{"id":6150,"date":"2025-04-11T16:24:44","date_gmt":"2025-04-11T16:24:44","guid":{"rendered":"https:\/\/capitalrealting.com\/?page_id=6150"},"modified":"2025-04-12T18:22:12","modified_gmt":"2025-04-12T18:22:12","slug":"news","status":"publish","type":"page","link":"https:\/\/capitalrealting.com\/lt\/news\/","title":{"rendered":"Naujienos"},"content":{"rendered":"<div data-elementor-type=\"wp-page\" data-elementor-id=\"6150\" class=\"elementor elementor-6150\">\n\t\t\t\t<div class=\"elementor-element elementor-element-c4ea368 e-flex e-con-boxed e-con e-parent\" data-id=\"c4ea368\" data-element_type=\"container\" data-e-type=\"container\">\n\t\t\t\t\t<div class=\"e-con-inner\">\n\t\t\t\t<div class=\"elementor-element elementor-element-18f96a8 elementor-widget elementor-widget-heading\" data-id=\"18f96a8\" data-element_type=\"widget\" data-e-type=\"widget\" data-widget_type=\"heading.default\">\n\t\t\t\t<div class=\"elementor-widget-container\">\n\t\t\t\t\t<h1 class=\"elementor-heading-title elementor-size-default\">Naujienos<\/h1>\t\t\t\t<\/div>\n\t\t\t\t<\/div>\n\t\t\t\t<div class=\"elementor-element elementor-element-6f6f838 elementor-widget elementor-widget-ere-classic-news-section-widget\" data-id=\"6f6f838\" data-element_type=\"widget\" data-e-type=\"widget\" data-widget_type=\"ere-classic-news-section-widget.default\">\n\t\t\t\t<div class=\"elementor-widget-container\">\n\t\t\t\t\t            <section id=\"rh-6f6f838\" class=\"rhea_ele_property_ajax_target rhea_latest_properties_ajax_classic\">\n                <div class=\"home-properties-section-inner-target\">\n                    <div class=\"rh_elementor_widget rhea_classic_news_elementor_wrapper\">\n\t\t\t\t\t\t\n                            <article class=\"post-21 post type-post status-publish format-image has-post-thumbnail hentry category-luxury tag-contemporary tag-studio post_format-post-format-image\">\n                                <div class=\"rhea_post_inner\">\n\t\t\t\t\t\t\t\t\t    <div class=\"rhea_thumb_wrapper rhea_post_get_height rhea_post_thumbnail\">\n        <a href=\"https:\/\/capitalrealting.com\/lt\/image-post-format\/\" title=\"Nekilnojamojo turto rinkai \u012fsib\u0117g\u0117jant, \u0161tai kaip pradedantys pirk\u0117jai gali i\u0161laikyti \u0161alt\u0105 prot\u0105\">\n            <img fetchpriority=\"high\" decoding=\"async\" width=\"1200\" height=\"680\" src=\"https:\/\/capitalrealting.com\/wp-content\/uploads\/2020\/06\/resturant-interrior-1-1.jpg\" class=\"attachment-gallery-two-column-image size-gallery-two-column-image wp-post-image\" alt=\"\" srcset=\"https:\/\/capitalrealting.com\/wp-content\/uploads\/2020\/06\/resturant-interrior-1-1.jpg 1200w, https:\/\/capitalrealting.com\/wp-content\/uploads\/2020\/06\/resturant-interrior-1-1-300x170.jpg 300w, https:\/\/capitalrealting.com\/wp-content\/uploads\/2020\/06\/resturant-interrior-1-1-1024x580.jpg 1024w, https:\/\/capitalrealting.com\/wp-content\/uploads\/2020\/06\/resturant-interrior-1-1-768x435.jpg 768w, https:\/\/capitalrealting.com\/wp-content\/uploads\/2020\/06\/resturant-interrior-1-1-150x85.jpg 150w\" sizes=\"(max-width: 1200px) 100vw, 1200px\" \/>        <\/a>\n    <\/div>\n                                    <div class=\"rhea_content_news_classic\">\n                                        <h4 class=\"rhea_post_title\">\n                                            <a href=\"https:\/\/capitalrealting.com\/lt\/image-post-format\/\">Nekilnojamojo turto rinkai \u012fsib\u0117g\u0117jant, \u0161tai kaip pradedantys pirk\u0117jai gali i\u0161laikyti \u0161alt\u0105 prot\u0105<\/a>\n                                        <\/h4>\n\t\t\t\t\t\t\t\t\t\t                                            <div class=\"rhea_post_meta\">\n\t\t\t\t\t\t\t\t\t\t\t\t                                                    <span>\u012ejungta <span class=\"date\"> 16 bir\u017eelio, 2022<\/span><\/span>\n\t\t\t\t\t\t\t\t\t\t\t\t\t                                            <\/div>\n\t\t\t\t\t\t\t\t\t\t\t                                            <p>Entuziastingai atskirti progresyvias inovacijas nuo didel\u0117s naudos rodikli\u0173. I\u0161 esm\u0117s generuoti lipnias paslaugas be B2B e. paslaug\u0173. Kompetentingai pakeisti lygiagre\u010dias programas\u2026<\/p>\n\t\t\t\t\t\t\t\t\t\t\t                                            <a class=\"rhea_more_details\" href=\"https:\/\/capitalrealting.com\/lt\/image-post-format\/\">Skaityti daugiau                                                <i class=\"fa fa-caret-right\"><\/i>\n                                            <\/a>\n\t\t\t\t\t\t\t\t\t\t                                    <\/div>\n                                <\/div>\n                            <\/article>\n\n\t\t\t\t\t\t\t\n                            <article class=\"post-24 post type-post status-publish format-gallery has-post-thumbnail hentry category-luxury tag-interior tag-living-rooms post_format-post-format-gallery\">\n                                <div class=\"rhea_post_inner\">\n\t\t\t\t\t\t\t\t\t<div class=\"rhea_thumb_wrapper rhea_classic_listing_slider loading\">\n    <div class=\"gallery-loader\">\n\t\t<svg xmlns=\"http:\/\/www.w3.org\/2000\/svg\" viewbox=\"0 0 32 32\" width=\"32\" height=\"32\" fill=\"#dedede\">\n  <path transform=\"translate(2)\" d=\"M0 12 V20 H4 V12z\"> \n    <animate attributename=\"d\" values=\"M0 12 V20 H4 V12z; M0 4 V28 H4 V4z; M0 12 V20 H4 V12z; M0 12 V20 H4 V12z\" dur=\"1.2s\" repeatcount=\"indefinite\" begin=\"0\" keytimes=\"0;.2;.5;1\" keysplines=\"0.2 0.2 0.4 0.8;0.2 0.6 0.4 0.8;0.2 0.8 0.4 0.8\" calcmode=\"spline\"  \/>\n  <\/path>\n  <path transform=\"translate(8)\" d=\"M0 12 V20 H4 V12z\">\n    <animate attributename=\"d\" values=\"M0 12 V20 H4 V12z; M0 4 V28 H4 V4z; M0 12 V20 H4 V12z; M0 12 V20 H4 V12z\" dur=\"1.2s\" repeatcount=\"indefinite\" begin=\"0.2\" keytimes=\"0;.2;.5;1\" keysplines=\"0.2 0.2 0.4 0.8;0.2 0.6 0.4 0.8;0.2 0.8 0.4 0.8\" calcmode=\"spline\"  \/>\n  <\/path>\n  <path transform=\"translate(14)\" d=\"M0 12 V20 H4 V12z\">\n    <animate attributename=\"d\" values=\"M0 12 V20 H4 V12z; M0 4 V28 H4 V4z; M0 12 V20 H4 V12z; M0 12 V20 H4 V12z\" dur=\"1.2s\" repeatcount=\"indefinite\" begin=\"0.4\" keytimes=\"0;.2;.5;1\" keysplines=\"0.2 0.2 0.4 0.8;0.2 0.6 0.4 0.8;0.2 0.8 0.4 0.8\" calcmode=\"spline\" \/>\n  <\/path>\n  <path transform=\"translate(20)\" d=\"M0 12 V20 H4 V12z\">\n    <animate attributename=\"d\" values=\"M0 12 V20 H4 V12z; M0 4 V28 H4 V4z; M0 12 V20 H4 V12z; M0 12 V20 H4 V12z\" dur=\"1.2s\" repeatcount=\"indefinite\" begin=\"0.6\" keytimes=\"0;.2;.5;1\" keysplines=\"0.2 0.2 0.4 0.8;0.2 0.6 0.4 0.8;0.2 0.8 0.4 0.8\" calcmode=\"spline\" \/>\n  <\/path>\n  <path transform=\"translate(26)\" d=\"M0 12 V20 H4 V12z\">\n    <animate attributename=\"d\" values=\"M0 12 V20 H4 V12z; M0 4 V28 H4 V4z; M0 12 V20 H4 V12z; M0 12 V20 H4 V12z\" dur=\"1.2s\" repeatcount=\"indefinite\" begin=\"0.8\" keytimes=\"0;.2;.5;1\" keysplines=\"0.2 0.2 0.4 0.8;0.2 0.6 0.4 0.8;0.2 0.8 0.4 0.8\" calcmode=\"spline\" \/>\n  <\/path>\n<\/svg>\n    <\/div>\n    <ul class=\"slides\">\n        <li><a href=\"https:\/\/capitalrealting.com\/wp-content\/uploads\/2020\/06\/obi-pixel6propix-MMHcFUKkBD4-unsplash-1.jpg\" title=\"\" data-fancybox=\"list-gallery\" class=\"\" ><img decoding=\"async\" src=\"https:\/\/capitalrealting.com\/wp-content\/uploads\/2020\/06\/obi-pixel6propix-MMHcFUKkBD4-unsplash-1.jpg\" alt=\"obi-pixel6propix-MMHcFUKkBD4-unsplash\" \/><\/a><\/li><li><a href=\"https:\/\/capitalrealting.com\/wp-content\/uploads\/2020\/06\/francesca-tosolini-LL9V0iMpStM-unsplash-1-1.jpg\" title=\"\" data-fancybox=\"list-gallery\" class=\"\" ><img decoding=\"async\" src=\"https:\/\/capitalrealting.com\/wp-content\/uploads\/2020\/06\/francesca-tosolini-LL9V0iMpStM-unsplash-1-1.jpg\" alt=\"francesca-tosolini-LL9V0iMpStM-unsplash-1\" \/><\/a><\/li>    <\/ul>\n<\/div>                                    <div class=\"rhea_content_news_classic\">\n                                        <h4 class=\"rhea_post_title\">\n                                            <a href=\"https:\/\/capitalrealting.com\/lt\/gallery-post-format\/\">Nekilnojamojo turto rinka \u012fkaista, \u0161tai kaip pradedantys pirk\u0117jai gali i\u0161laikyti \u0161alt\u0105 prot\u0105<\/a>\n                                        <\/h4>\n\t\t\t\t\t\t\t\t\t\t                                            <div class=\"rhea_post_meta\">\n\t\t\t\t\t\t\t\t\t\t\t\t                                                    <span>\u012ejungta <span class=\"date\"> 15 bir\u017eelio, 2022<\/span><\/span>\n\t\t\t\t\t\t\t\t\t\t\t\t\t                                            <\/div>\n\t\t\t\t\t\t\t\t\t\t\t                                            <p>Kompetentingai i\u0161naudokite \u012fmon\u0117s vortalus per revoliucines e. ma\u017emenin\u0117s prekybos platformas. Monotoni\u0161kai atkurkite individualius santykius, i\u0161laikydami visur esan\u010dias pagrindines kompetencijas. Iniciatyviai realizuokite proaktyv\u0173\u2026<\/p>\n\t\t\t\t\t\t\t\t\t\t\t                                            <a class=\"rhea_more_details\" href=\"https:\/\/capitalrealting.com\/lt\/gallery-post-format\/\">Skaityti daugiau                                                <i class=\"fa fa-caret-right\"><\/i>\n                                            <\/a>\n\t\t\t\t\t\t\t\t\t\t                                    <\/div>\n                                <\/div>\n                            <\/article>\n\n\t\t\t\t\t\t\t\n                            <article class=\"post-18 post type-post status-publish format-video has-post-thumbnail hentry category-market-trends tag-awareness post_format-post-format-video\">\n                                <div class=\"rhea_post_inner\">\n\t\t\t\t\t\t\t\t\t        <div class=\"rhea_thumb_wrapper rhea_post_set_height post-video\">\n            <div class=\"video-wrapper on-home-page\">\n                <iframe src=\"https:\/\/player.vimeo.com\/video\/89541885?title=0&byline=0&portrait=0\" frameborder=\"0\" webkitallowfullscreen mozallowfullscreen allowfullscreen><\/iframe>            <\/div>\n        <\/div>\n                                            <div class=\"rhea_content_news_classic\">\n                                        <h4 class=\"rhea_post_title\">\n                                            <a href=\"https:\/\/capitalrealting.com\/lt\/video-post-format\/\">\u0160tai kaip pirm\u0105 kart\u0105 perkantys b\u016bst\u0105 gali i\u0161likti ram\u016bs, nekilnojamojo turto rinkai \u012fkaistant<\/a>\n                                        <\/h4>\n\t\t\t\t\t\t\t\t\t\t                                            <div class=\"rhea_post_meta\">\n\t\t\t\t\t\t\t\t\t\t\t\t                                                    <span>\u012ejungta <span class=\"date\"> 13 bir\u017eelio, 2022<\/span><\/span>\n\t\t\t\t\t\t\t\t\t\t\t\t\t                                            <\/div>\n\t\t\t\t\t\t\t\t\t\t\t                                            <p>Unikaliai pritaikykite ateities ni\u0161ines rinkas, pasitelkdami viso pasaulio vartotojus. I\u0161analizav\u0119 pralaidum\u0105, proaktyviai derinkite \u012f vartotoj\u0105 orientuotas schemas. I\u0161 esm\u0117s realizuokite\u2026<\/p>\n\t\t\t\t\t\t\t\t\t\t\t                                            <a class=\"rhea_more_details\" href=\"https:\/\/capitalrealting.com\/lt\/video-post-format\/\">Skaityti daugiau                                                <i class=\"fa fa-caret-right\"><\/i>\n                                            <\/a>\n\t\t\t\t\t\t\t\t\t\t                                    <\/div>\n                                <\/div>\n                            <\/article>\n\n\t\t\t\t\t\t\t\n                    <\/div>\n\t\t\t\t\t\n                        <div class=\"rhea_svg_loader\">\n\t\t\t\t\t\t\t<svg xmlns=\"http:\/\/www.w3.org\/2000\/svg\" viewbox=\"0 0 32 32\" width=\"32\" height=\"32\" fill=\"#dedede\">\n  <path transform=\"translate(2)\" d=\"M0 12 V20 H4 V12z\"> \n    <animate attributename=\"d\" values=\"M0 12 V20 H4 V12z; M0 4 V28 H4 V4z; M0 12 V20 H4 V12z; M0 12 V20 H4 V12z\" dur=\"1.2s\" repeatcount=\"indefinite\" begin=\"0\" keytimes=\"0;.2;.5;1\" keysplines=\"0.2 0.2 0.4 0.8;0.2 0.6 0.4 0.8;0.2 0.8 0.4 0.8\" calcmode=\"spline\"  \/>\n  <\/path>\n  <path transform=\"translate(8)\" d=\"M0 12 V20 H4 V12z\">\n    <animate attributename=\"d\" values=\"M0 12 V20 H4 V12z; M0 4 V28 H4 V4z; M0 12 V20 H4 V12z; M0 12 V20 H4 V12z\" dur=\"1.2s\" repeatcount=\"indefinite\" begin=\"0.2\" keytimes=\"0;.2;.5;1\" keysplines=\"0.2 0.2 0.4 0.8;0.2 0.6 0.4 0.8;0.2 0.8 0.4 0.8\" calcmode=\"spline\"  \/>\n  <\/path>\n  <path transform=\"translate(14)\" d=\"M0 12 V20 H4 V12z\">\n    <animate attributename=\"d\" values=\"M0 12 V20 H4 V12z; M0 4 V28 H4 V4z; M0 12 V20 H4 V12z; M0 12 V20 H4 V12z\" dur=\"1.2s\" repeatcount=\"indefinite\" begin=\"0.4\" keytimes=\"0;.2;.5;1\" keysplines=\"0.2 0.2 0.4 0.8;0.2 0.6 0.4 0.8;0.2 0.8 0.4 0.8\" calcmode=\"spline\" \/>\n  <\/path>\n  <path transform=\"translate(20)\" d=\"M0 12 V20 H4 V12z\">\n    <animate attributename=\"d\" values=\"M0 12 V20 H4 V12z; M0 4 V28 H4 V4z; M0 12 V20 H4 V12z; M0 12 V20 H4 V12z\" dur=\"1.2s\" repeatcount=\"indefinite\" begin=\"0.6\" keytimes=\"0;.2;.5;1\" keysplines=\"0.2 0.2 0.4 0.8;0.2 0.6 0.4 0.8;0.2 0.8 0.4 0.8\" calcmode=\"spline\" \/>\n  <\/path>\n  <path transform=\"translate(26)\" d=\"M0 12 V20 H4 V12z\">\n    <animate attributename=\"d\" values=\"M0 12 V20 H4 V12z; M0 4 V28 H4 V4z; M0 12 V20 H4 V12z; M0 12 V20 H4 V12z\" dur=\"1.2s\" repeatcount=\"indefinite\" begin=\"0.8\" keytimes=\"0;.2;.5;1\" keysplines=\"0.2 0.2 0.4 0.8;0.2 0.6 0.4 0.8;0.2 0.8 0.4 0.8\" calcmode=\"spline\" \/>\n  <\/path>\n<\/svg>\n                        <\/div>\n\t\t\t\t\t\t<div class=\"rhea_pagination_wrapper\"><div class='pagination rhea-pagination-clean'><a  href='https:\/\/capitalrealting.com\/lt\/wp-json\/wp\/v2\/pages\/6150\/' class='real-btn current' data-page='1'>1<\/a><a rel=\"next\" href='https:\/\/capitalrealting.com\/lt\/wp-json\/wp\/v2\/pages\/6150\/page\/2\/' class='real-btn' data-page='2'>2<\/a><\/div><\/div>                <\/div>\n            <\/section>\n\t\t\t\t\t\t\t<\/div>\n\t\t\t\t<\/div>\n\t\t\t\t\t<\/div>\n\t\t\t\t<\/div>\n\t\t\t\t<\/div>","protected":false},"excerpt":{"rendered":"<p>News Hello world! On February 4, 2025 Welcome to WordPress. This is your first post. Edit or delete it, then start writing! Read More As The Real Estate Market Heats Up, Here\u2019s How First-time Buyers Can Keep Their Cool On June 16, 2022 Enthusiastically disintermediate progressive innovation before high-payoff metrics. Intrinsicly generate sticky services without&#8230;<\/p>","protected":false},"author":1,"featured_media":0,"parent":0,"menu_order":0,"comment_status":"closed","ping_status":"closed","template":"elementor_header_footer","meta":{"footnotes":""},"class_list":["post-6150","page","type-page","status-publish","hentry"],"aioseo_notices":[],"_links":{"self":[{"href":"https:\/\/capitalrealting.com\/lt\/wp-json\/wp\/v2\/pages\/6150","targetHints":{"allow":["GET"]}}],"collection":[{"href":"https:\/\/capitalrealting.com\/lt\/wp-json\/wp\/v2\/pages"}],"about":[{"href":"https:\/\/capitalrealting.com\/lt\/wp-json\/wp\/v2\/types\/page"}],"author":[{"embeddable":true,"href":"https:\/\/capitalrealting.com\/lt\/wp-json\/wp\/v2\/users\/1"}],"replies":[{"embeddable":true,"href":"https:\/\/capitalrealting.com\/lt\/wp-json\/wp\/v2\/comments?post=6150"}],"version-history":[{"count":19,"href":"https:\/\/capitalrealting.com\/lt\/wp-json\/wp\/v2\/pages\/6150\/revisions"}],"predecessor-version":[{"id":6212,"href":"https:\/\/capitalrealting.com\/lt\/wp-json\/wp\/v2\/pages\/6150\/revisions\/6212"}],"wp:attachment":[{"href":"https:\/\/capitalrealting.com\/lt\/wp-json\/wp\/v2\/media?parent=6150"}],"curies":[{"name":"wp","href":"https:\/\/api.w.org\/{rel}","templated":true}]}}