{"id":5694,"date":"2025-02-12T08:39:05","date_gmt":"2025-02-12T08:39:05","guid":{"rendered":"https:\/\/capitalrealting.com\/?page_id=5694"},"modified":"2025-04-12T18:58:57","modified_gmt":"2025-04-12T18:58:57","slug":"home-2","status":"publish","type":"page","link":"https:\/\/capitalrealting.com\/lt\/home-2\/","title":{"rendered":"Apie mus"},"content":{"rendered":"<div data-elementor-type=\"wp-page\" data-elementor-id=\"5694\" class=\"elementor elementor-5694\">\n\t\t\t\t<div class=\"elementor-element elementor-element-2d28bd8 e-flex e-con-boxed e-con e-parent\" data-id=\"2d28bd8\" data-element_type=\"container\" data-e-type=\"container\">\n\t\t\t\t\t<div class=\"e-con-inner\">\n\t\t\t\t<div class=\"elementor-element elementor-element-c05dc12 elementor-widget elementor-widget-heading\" data-id=\"c05dc12\" data-element_type=\"widget\" data-e-type=\"widget\" data-widget_type=\"heading.default\">\n\t\t\t\t<div class=\"elementor-widget-container\">\n\t\t\t\t\t<h1 class=\"elementor-heading-title elementor-size-default\">Apie mus<\/h1>\t\t\t\t<\/div>\n\t\t\t\t<\/div>\n\t\t\t\t<div class=\"elementor-element elementor-element-bff679d elementor-widget elementor-widget-heading\" data-id=\"bff679d\" data-element_type=\"widget\" data-e-type=\"widget\" data-widget_type=\"heading.default\">\n\t\t\t\t<div class=\"elementor-widget-container\">\n\t\t\t\t\t<h3 class=\"elementor-heading-title elementor-size-default\">Nekilnojamasis turtas u\u017esienyje verslui ir gyvenimui<\/h3>\t\t\t\t<\/div>\n\t\t\t\t<\/div>\n\t\t<div class=\"elementor-element elementor-element-d3e5a37 e-con-full e-flex e-con e-child\" data-id=\"d3e5a37\" data-element_type=\"container\" data-e-type=\"container\">\n\t\t\t\t<div class=\"elementor-element elementor-element-175f17c elementor-widget__width-initial elementor-widget elementor-widget-text-editor\" data-id=\"175f17c\" data-element_type=\"widget\" data-e-type=\"widget\" data-widget_type=\"text-editor.default\">\n\t\t\t\t<div class=\"elementor-widget-container\">\n\t\t\t\t\t\t\t\t\t<p>Ar svajojate apie but\u0105 ar nam\u0105 prie j\u016bros Vidur\u017eemio j\u016bros pakrant\u0117je? O gal jus domina nekilnojamasis turtas Europoje? O gal visada nor\u0117jote atidaryti versl\u0105 u\u017esienyje ir gauti pasyvi\u0173 pajam\u0173 gyvendami savo \u0161alyje? Kad ir kokie b\u016bt\u0173 j\u016bs\u0173 tikslai, visada galime pasi\u016blyti geriausius variantus.<\/p><p>\"Capital Realting\" yra agent\u016bra, kuri yra pasirengusi pad\u0117ti jums \u012fsigyti nekilnojam\u0105j\u012f turt\u0105 u\u017esienyje pagal j\u016bs\u0173 reikalavimus ir biud\u017eet\u0105. Jums tereikia u\u017epildyti m\u016bs\u0173 kontaktin\u0119 form\u0105 ir netrukus su jumis susisieks jus dominan\u010dios vietov\u0117s vadybininkas.<\/p>\t\t\t\t\t\t\t\t<\/div>\n\t\t\t\t<\/div>\n\t\t\t\t<div class=\"elementor-element elementor-element-1147a7a elementor-widget elementor-widget-image\" data-id=\"1147a7a\" data-element_type=\"widget\" data-e-type=\"widget\" data-widget_type=\"image.default\">\n\t\t\t\t<div class=\"elementor-widget-container\">\n\t\t\t\t\t\t\t\t\t\t\t\t\t\t\t<img fetchpriority=\"high\" decoding=\"async\" width=\"591\" height=\"422\" src=\"https:\/\/capitalrealting.com\/wp-content\/uploads\/2025\/04\/map.webp\" class=\"attachment-large size-large wp-image-6213\" alt=\"\" srcset=\"https:\/\/capitalrealting.com\/wp-content\/uploads\/2025\/04\/map.webp 591w, https:\/\/capitalrealting.com\/wp-content\/uploads\/2025\/04\/map-300x214.webp 300w, https:\/\/capitalrealting.com\/wp-content\/uploads\/2025\/04\/map-18x12.webp 18w, https:\/\/capitalrealting.com\/wp-content\/uploads\/2025\/04\/map-150x107.webp 150w\" sizes=\"(max-width: 591px) 100vw, 591px\" \/>\t\t\t\t\t\t\t\t\t\t\t\t\t\t\t<\/div>\n\t\t\t\t<\/div>\n\t\t\t\t<\/div>\n\t\t\t\t<div class=\"elementor-element elementor-element-6ab5e43 elementor-widget elementor-widget-heading\" data-id=\"6ab5e43\" data-element_type=\"widget\" data-e-type=\"widget\" data-widget_type=\"heading.default\">\n\t\t\t\t<div class=\"elementor-widget-container\">\n\t\t\t\t\t<h3 class=\"elementor-heading-title elementor-size-default\">Pirkti nekilnojam\u0105j\u012f turt\u0105 u\u017esienyje<\/h3>\t\t\t\t<\/div>\n\t\t\t\t<\/div>\n\t\t\t\t<div class=\"elementor-element elementor-element-321b1c1 elementor-widget elementor-widget-heading\" data-id=\"321b1c1\" data-element_type=\"widget\" data-e-type=\"widget\" data-widget_type=\"heading.default\">\n\t\t\t\t<div class=\"elementor-widget-container\">\n\t\t\t\t\t<h3 class=\"elementor-heading-title elementor-size-default\">Visi privalumai<\/h3>\t\t\t\t<\/div>\n\t\t\t\t<\/div>\n\t\t\t\t<div class=\"elementor-element elementor-element-700e81d elementor-widget__width-initial elementor-widget elementor-widget-text-editor\" data-id=\"700e81d\" data-element_type=\"widget\" data-e-type=\"widget\" data-widget_type=\"text-editor.default\">\n\t\t\t\t<div class=\"elementor-widget-container\">\n\t\t\t\t\t\t\t\t\t<ul><li>Galite nusipirkti nam\u0105 u\u017esienyje prie j\u016bros nuolatiniam gyvenimui ir pagaliau \u012fgyvendinti seniai puosel\u0117t\u0105 svajon\u0119.<\/li><li>Nenuolatiniams gyventojams butas u\u017esienyje - puiki galimyb\u0117 ateityje gauti leidim\u0105 gyventi ir pilietyb\u0119. Tod\u0117l, jei jus domina persik\u0117limas \u012f nuolatin\u0119 gyvenam\u0105j\u0105 viet\u0105, nekilnojamojo turto \u012fsigijimas gali labai supaprastinti dokument\u0173 tvarkym\u0105.<\/li><li>Buto ar namo nuoma u\u017esienyje, ypa\u010d pirmoje pakrant\u0117je prie j\u016bros, yra labai pelninga turizmo sezono \u012fkar\u0161tyje. Likus\u012f laik\u0105 galite ten gyventi.<\/li><li>Komercinio ir gyvenamojo nekilnojamojo turto kainos kasmet tik auga. Visada galite parduoti but\u0105 ar nam\u0105 u\u017esienyje ir i\u0161 pardavimo u\u017edirbti gana didel\u012f skirtum\u0105.<\/li><\/ul><p>Daugiau buto ir apskritai bet kokio kito nekilnojamojo turto u\u017esienyje pirkimo privalum\u0173 ir ypatum\u0173 galima su\u017einoti individualiai pasikonsultavus su vadybininku. <strong>Capital Realting<\/strong><strong>.<\/strong><\/p>\t\t\t\t\t\t\t\t<\/div>\n\t\t\t\t<\/div>\n\t\t\t\t<div class=\"elementor-element elementor-element-71ee6fc elementor-widget elementor-widget-heading\" data-id=\"71ee6fc\" data-element_type=\"widget\" data-e-type=\"widget\" data-widget_type=\"heading.default\">\n\t\t\t\t<div class=\"elementor-widget-container\">\n\t\t\t\t\t<h3 class=\"elementor-heading-title elementor-size-default\">Pirkti nekilnojam\u0105j\u012f turt\u0105 u\u017esienyje<\/h3>\t\t\t\t<\/div>\n\t\t\t\t<\/div>\n\t\t\t\t<div class=\"elementor-element elementor-element-ac0caea elementor-widget elementor-widget-heading\" data-id=\"ac0caea\" data-element_type=\"widget\" data-e-type=\"widget\" data-widget_type=\"heading.default\">\n\t\t\t\t<div class=\"elementor-widget-container\">\n\t\t\t\t\t<h3 class=\"elementor-heading-title elementor-size-default\">Visi privalumai<\/h3>\t\t\t\t<\/div>\n\t\t\t\t<\/div>\n\t\t\t\t<div class=\"elementor-element elementor-element-24699ef elementor-widget__width-initial elementor-widget elementor-widget-text-editor\" data-id=\"24699ef\" data-element_type=\"widget\" data-e-type=\"widget\" data-widget_type=\"text-editor.default\">\n\t\t\t\t<div class=\"elementor-widget-container\">\n\t\t\t\t\t\t\t\t\t<p><strong>\u012eperkamas nekilnojamasis turtas u\u017esienyje<\/strong><\/p><p>M\u016bs\u0173 vietiniai \"Capital Realting\" agentai gali pasi\u016blyti \u012fperkamo ir j\u016bs\u0173 biud\u017eet\u0105 atitinkan\u010dio nekilnojamojo turto. J\u0173 pla\u010dios \u017einios apie rink\u0105 ir vietov\u0119 u\u017etikrina, kad jie gali patenkinti bet kurio kliento poreikius ir pageidavimus, pateikdami j\u016bs\u0173 finansinius parametrus atitinkan\u010dius variantus.<\/p><p><strong>Elitinis u\u017esienio nekilnojamasis turtas<\/strong><\/p><p>\"Capital Realting\" supranta, kad perkant prabang\u0173 nekilnojam\u0105j\u012f turt\u0105, kuris yra ir svajoni\u0173 namai, ir patikima investicija, reikia kruop\u0161taus po\u017ei\u016brio. \u0160tai kaip m\u016bs\u0173 komanda gali pad\u0117ti jums \u012fsigyti prabang\u0173 nekilnojam\u0105j\u012f turt\u0105 j\u016bs\u0173 pasirinktoje vietoje:<\/p><ul><li><strong>Pirmin\u0117 konsultacija<\/strong>: M\u016bs\u0173 procesas prasideda nuo i\u0161sami\u0173 pirmini\u0173 konsultacij\u0173, kad suprastume j\u016bs\u0173 unikalius reikalavimus, pageidavimus ir investavimo tikslus. Aptarsime j\u016bs\u0173 pageidaujam\u0105 viet\u0105, nekilnojamojo turto savybes, biud\u017eet\u0105 ir bet kokius konkre\u010dius j\u016bs\u0173 investavimo kriterijus.<\/li><li><strong>Rinkos tyrimai ir analiz\u0117<\/strong>: Pasitelkdami didel\u0119 rinkos patirt\u012f ir prieig\u0105 prie i\u0161sami\u0173 nekilnojamojo turto duomen\u0173, atliekame i\u0161samius tyrimus ir analiz\u0119, kad nustatytume prabangias savybes, atitinkan\u010dias j\u016bs\u0173 kriterijus. Tai apima rinkos tendencij\u0173, nekilnojamojo turto brangimo potencialo ir investavimo galimybi\u0173 j\u016bs\u0173 pasirinktoje vietov\u0117je vertinim\u0105.<\/li><li><strong>Nekilnojamojo turto atranka ir per\u017ei\u016bra<\/strong>: Remdamiesi savo tyrim\u0173 rezultatais, atrenkame prabangias savybes, atitinkan\u010dias j\u016bs\u0173 specifikacijas. Jums patogiu metu organizuojame turto ap\u017ei\u016bras ir pateikiame i\u0161sami\u0105 informacij\u0105 apie kiekvieno turto savybes, patogumus ir investavimo potencial\u0105. M\u016bs\u0173 tikslas - u\u017etikrinti, kad tur\u0117tum\u0117te vis\u0105 informacij\u0105, reikaling\u0105 pagr\u012fstiems sprendimams priimti.<\/li><li><strong>Derybos ir pasi\u016blym\u0173 valdymas<\/strong>: Kai nustatysite jus dominant\u012f nekilnojam\u0105j\u012f turt\u0105, m\u016bs\u0173 kvalifikuoti derybininkai dirbs j\u016bs\u0173 vardu, kad u\u017etikrint\u0173 geriausi\u0105 \u012fmanom\u0105 sandor\u012f. Mes tvarkome visus deryb\u0173 proceso aspektus, u\u017etikrindami palankias s\u0105lygas, atitinkan\u010dias j\u016bs\u0173 tikslus. M\u016bs\u0173 komanda kruop\u0161\u010diai valdo pasi\u016blymo proces\u0105, palengvindama skland\u0173 sandor\u012f nuo pasi\u016blymo pateikimo iki jo pri\u0117mimo.<\/li><li><strong>Teisin\u0117s ir finansin\u0117s gair\u0117s<\/strong>: Viso pirkimo proceso metu m\u016bs\u0173 komanda teikia i\u0161samias teisines ir finansines konsultacijas, kad apsaugot\u0173 j\u016bs\u0173 interesus ir suma\u017eint\u0173 rizik\u0105. Bendradarbiaujame su patikimais teis\u0117s specialistais, kad visi sutartiniai susitarimai b\u016bt\u0173 i\u0161sam\u016bs ir atitikt\u0173 vietos teis\u0117s aktus. Be to, si\u016blome profesionalias finansines konsultacijas, kad optimizuotume j\u016bs\u0173 investavimo strategij\u0105 ir gautum\u0117te kuo didesn\u0119 gr\u0105\u017e\u0105.<\/li><li><strong>Pagalba po pirkimo<\/strong>: M\u016bs\u0173 \u012fsipareigojimas u\u017etikrinti j\u016bs\u0173 pasitenkinim\u0105 neapsiriboja vien sandoriu. Mes teikiame pagalb\u0105 po pirkimo ir sprend\u017eiame visus jums r\u016bpimus klausimus ar problemas, si\u016blome pagalb\u0105 nekilnojamojo turto valdymo, nuomos paslaug\u0173 ir nuolatinio investicinio portfelio valdymo klausimais.<\/li><\/ul><p>Su \"Capital Realting\" prabangaus nekilnojamojo turto pirkimas pasirinktoje vietoje yra ne tik sklandus procesas, bet ir pelninga investavimo galimyb\u0117. M\u016bs\u0173 atsidavusi profesional\u0173 komanda pad\u0117s jums kiekviename \u017eingsnyje ir u\u017etikrins, kad u\u017etikrintai ir ramiai pasieksite savo nekilnojamojo turto tikslus.<\/p><p><strong>\"Capital Realting\" nekilnojamojo turto verslui ar komercijai pasi\u016blymai<\/strong><br \/><br \/><strong>\u00a0<\/strong>\u00a0Ar ilgai nar\u0161\u0117te komercinio nekilnojamojo turto skelbimus? Ar ie\u0161kote patikimo pardav\u0117jo, kuris nori parduoti paruo\u0161t\u0105 versl\u0105 u\u017esienyje? Kartu su gyvenamuoju biud\u017eetiniu ir prabangiu nekilnojamuoju turtu si\u016blome \u012fdomi\u0173 komercini\u0173 plan\u0173 sprendim\u0173.\u00a0<strong>Vis\u0173 pirma:<\/strong><\/p><ul><li>Auk\u0161\u010diausios klas\u0117s vil\u0173 kompleksai restoran\u0173 ir vie\u0161bu\u010di\u0173 verslui atidaryti;<\/li><li>Jau paruo\u0161ti vie\u0161bu\u010diai prie j\u016bros;<\/li><li>Dideli \u017eem\u0117s sklypai statyboms;<\/li><li>Komercinis nekilnojamasis turtas restoranams, butikams, gro\u017eio salonams, SPA kompleksams;<\/li><li>Automobili\u0173 centrai, didel\u0117s prekybos zonos;<\/li><li>Daugiabu\u010diai namai, kuriuose kiekvienas butas gali b\u016bti paverstas nakvyn\u0117s nam\u0173 kambariu;<\/li><li>Sanatorijos, reabilitacijos centrai ir daug daugiau.<\/li><\/ul><p><strong>Bet kokio tipo nekilnojamojo turto paie\u0161ka pagal u\u017eklaus\u0105<\/strong><br \/><br \/>\u2019Capital Realting\" m\u016bs\u0173 agentai siekia patenkinti j\u016bs\u0173 nekilnojamojo turto poreikius, kad ir kokie unikal\u016bs ar specifiniai jie b\u016bt\u0173. Nesvarbu, ar ie\u0161kote prabangios vilos, komercin\u0117s paskirties nekilnojamojo turto, ar jaukaus buto, m\u016bs\u0173 komanda yra pasirengusi pad\u0117ti jums rasti tobul\u0105, j\u016bs\u0173 reikalavimus atitinkant\u012f nekilnojamojo turto sprendim\u0105. Taikydami individual\u0173 po\u017ei\u016br\u012f, skiriame laiko suprasti j\u016bs\u0173 pageidavimus, biud\u017eet\u0105 ir investavimo tikslus. Kai ai\u0161kiai suprasime, ko ie\u0161kote, m\u016bs\u0173 agentai, pasitelk\u0119 savo pla\u010dias rinkos \u017einias ir i\u0161teklius, j\u016bs\u0173 vardu atliks i\u0161sami\u0105 paie\u0161k\u0105. Nesvarbu, ar ie\u0161kote nekilnojamojo turto \u0161urmuliuojan\u010diame miesto centre, ar ramioje kaimo vietov\u0117je, ar pakrant\u0117s rojuje, m\u016bs\u0173 agentai moka puikiai orientuotis vietos nekilnojamojo turto rinkoje ir atrasti pasl\u0117ptus brangakmenius bei i\u0161skirtines galimybes, atitinkan\u010dias j\u016bs\u0173 kriterijus. M\u016bs\u0173 agentai profesionaliai ir atid\u017eiai atlieka visus paie\u0161kos proceso aspektus - nuo potenciali\u0173 nekilnojamojo turto objekt\u0173 identifikavimo iki ap\u017ei\u016br\u0173 organizavimo ir deryb\u0173 palengvinimo. Mes siekiame, kad j\u016bs\u0173 nekilnojamojo turto paie\u0161ka b\u016bt\u0173 efektyvi, nekelt\u0173 streso ir galiausiai b\u016bt\u0173 s\u0117kminga. Capital Realting did\u017eiuojasi savo geb\u0117jimu patenkinti ir vir\u0161yti klient\u0173 l\u016bkes\u010dius. Kad ir kokio nekilnojamojo turto ie\u0161kotum\u0117te, galite pasitik\u0117ti, kad m\u016bs\u0173 agentai imsis daugiau nei reikia, kad surast\u0173 jums tobul\u0105 nekilnojam\u0105j\u012f turt\u0105.<br \/><br \/><strong>Paverskite nekilnojam\u0105j\u012f turt\u0105 pajamomis ir \u012fgyvendinkite savo svajones su Capital Realting komanda:<\/strong><br \/><br \/><\/p><ul><li><strong>Ekspertiz\u0117<\/strong>: M\u016bs\u0173 komand\u0105 sudaro patyr\u0119 nekilnojamojo turto specialistai, gerai i\u0161manantys rink\u0105, tod\u0117l klientai gali naudotis tiksliomis \u012f\u017evalgomis ir strateginiais patarimais.<\/li><li><strong>Individualus po\u017ei\u016bris<\/strong>: Suprantame, kad kiekvienas klientas turi unikali\u0173 poreiki\u0173 ir pageidavim\u0173, tod\u0117l savo paslaugas pritaikome prie individuali\u0173 reikalavim\u0173 ir teikiame individualius sprendimus, kurie pranoksta l\u016bkes\u010dius.<\/li><li><strong>Platus tinklas<\/strong>: Tur\u0117dami plat\u0173 pramon\u0117s kontakt\u0173 ir i\u0161tekli\u0173 tinkl\u0105, turime prieig\u0105 prie \u012fvairi\u0173 nekilnojamojo turto objekt\u0173 ir investavimo galimybi\u0173, tod\u0117l klientams suteikiame prieig\u0105 prie i\u0161skirtini\u0173 s\u0105ra\u0161\u0173 ir ne rinkos sandori\u0173.<\/li><li><strong>Skaidrumas<\/strong>: Pirmenyb\u0119 teikiame skaidrumui visuose m\u016bs\u0173 sandoriuose, teikdami klientams ai\u0161ki\u0105 ir s\u0105\u017eining\u0105 informacij\u0105 viso pirkimo ar pardavimo proceso metu, taip skatindami pasitik\u0117jim\u0105.<\/li><li><strong>Efektyvumas<\/strong>: M\u016bs\u0173 supaprastinti procesai ir veiksminga darbo eiga u\u017etikrina, kad sandoriai b\u016bt\u0173 atliekami greitai ir skland\u017eiai, kad kuo ma\u017eiau v\u0117luot\u0173 ir b\u016bt\u0173 kuo patogiau m\u016bs\u0173 klientams.<\/li><li><strong>\u012esipareigojimas siekti meistri\u0161kumo<\/strong>: Esame \u012fsipareigoj\u0119 teikti i\u0161skirtines paslaugas kiekviename nekilnojamojo turto kelion\u0117s etape, nuo pirmin\u0117s konsultacijos iki pagalbos po pirkimo, u\u017etikrinant, kad klientai b\u016bt\u0173 patenkinti auk\u0161\u010diausiu lygiu.<\/li><li><strong>\u012e klient\u0105 orientuotas po\u017ei\u016bris<\/strong>: Svarbiausias m\u016bs\u0173 prioritetas - klient\u0173 poreikiai, tod\u0117l stengiam\u0117s vir\u0161yti j\u0173 l\u016bkes\u010dius aktyviai klausydamiesi j\u0173 r\u016bpes\u010di\u0173, spr\u0119sdami j\u0173 klausimus ir nuosekliai siekdami rezultat\u0173.<\/li><li><strong>S\u0117km\u0117s istorija<\/strong>: \u012erod\u0119 s\u0117kming\u0173 sandori\u0173 ir patenkint\u0173 klient\u0173 patirt\u012f, mes u\u017esitarnavome puiki\u0105 reputacij\u0105 \u0161ioje srityje, o m\u016bs\u0173 klientai pasitiki mumis.<\/li><li><strong>Nuolatinis tobulinimas<\/strong>: Mes nuolat mokom\u0117s ir tobul\u0117jame, nuolat sekame rinkos tendencijas, technologin\u0119 pa\u017eang\u0105 ir geriausi\u0105 praktik\u0105, kad u\u017etikrintume, jog savo klientams visada teikiame geriausias \u012fmanomas paslaugas.<\/li><li><strong>Ilgalaikiai santykiai<\/strong>: Vertiname ilgalaikius santykius su klientais ir siekiame tapti j\u0173 patikimais patar\u0117jais visais nekilnojamojo turto klausimais, u\u017emegzdami ilgalaikius ry\u0161ius, pagr\u012fstus abipuse pagarba, s\u0105\u017einingumu ir profesionalumu.<\/li><\/ul>\t\t\t\t\t\t\t\t<\/div>\n\t\t\t\t<\/div>\n\t\t<div class=\"elementor-element elementor-element-bcf7da8 e-con-full e-flex e-con e-child\" data-id=\"bcf7da8\" data-element_type=\"container\" data-e-type=\"container\" data-settings=\"{&quot;background_background&quot;:&quot;classic&quot;}\">\n\t\t<div class=\"elementor-element elementor-element-c337c5d e-con-full e-flex e-con e-child\" data-id=\"c337c5d\" data-element_type=\"container\" data-e-type=\"container\">\n\t\t\t\t<div class=\"elementor-element elementor-element-926f8fd elementor-widget elementor-widget-heading\" data-id=\"926f8fd\" data-element_type=\"widget\" data-e-type=\"widget\" data-widget_type=\"heading.default\">\n\t\t\t\t<div class=\"elementor-widget-container\">\n\t\t\t\t\t<h2 class=\"elementor-heading-title elementor-size-default\">Portfel\u012f<\/h2>\t\t\t\t<\/div>\n\t\t\t\t<\/div>\n\t\t\t\t<div class=\"elementor-element elementor-element-2fb0b0e elementor-widget elementor-widget-heading\" data-id=\"2fb0b0e\" data-element_type=\"widget\" data-e-type=\"widget\" data-widget_type=\"heading.default\">\n\t\t\t\t<div class=\"elementor-widget-container\">\n\t\t\t\t\t<h2 class=\"elementor-heading-title elementor-size-default\">20+ \u0161ali\u0173: Tailandas, \u0160vedija, Pranc\u016bzija, Italija, Portugalija, Balis, Jungtiniai Arab\u0173 Emyratai, Ispanija ir daugelis kit\u0173 \u0161ali\u0173!<\/h2>\t\t\t\t<\/div>\n\t\t\t\t<\/div>\n\t\t\t\t<\/div>\n\t\t\t\t<\/div>\n\t\t\t\t\t<\/div>\n\t\t\t\t<\/div>\n\t\t\t\t<\/div>","protected":false},"excerpt":{"rendered":"<p>About Us Real estate abroad for business and life Do you dream of having an apartment or a house by the sea on the Mediterranean coast? Or maybe you are interested in real estate in Europe? Or have you always wanted to open a business abroad and get passive income while living in your home&#8230;<\/p>","protected":false},"author":1,"featured_media":0,"parent":0,"menu_order":0,"comment_status":"closed","ping_status":"closed","template":"elementor_header_footer","meta":{"footnotes":""},"class_list":["post-5694","page","type-page","status-publish","hentry"],"aioseo_notices":[],"_links":{"self":[{"href":"https:\/\/capitalrealting.com\/lt\/wp-json\/wp\/v2\/pages\/5694","targetHints":{"allow":["GET"]}}],"collection":[{"href":"https:\/\/capitalrealting.com\/lt\/wp-json\/wp\/v2\/pages"}],"about":[{"href":"https:\/\/capitalrealting.com\/lt\/wp-json\/wp\/v2\/types\/page"}],"author":[{"embeddable":true,"href":"https:\/\/capitalrealting.com\/lt\/wp-json\/wp\/v2\/users\/1"}],"replies":[{"embeddable":true,"href":"https:\/\/capitalrealting.com\/lt\/wp-json\/wp\/v2\/comments?post=5694"}],"version-history":[{"count":16,"href":"https:\/\/capitalrealting.com\/lt\/wp-json\/wp\/v2\/pages\/5694\/revisions"}],"predecessor-version":[{"id":6224,"href":"https:\/\/capitalrealting.com\/lt\/wp-json\/wp\/v2\/pages\/5694\/revisions\/6224"}],"wp:attachment":[{"href":"https:\/\/capitalrealting.com\/lt\/wp-json\/wp\/v2\/media?parent=5694"}],"curies":[{"name":"wp","href":"https:\/\/api.w.org\/{rel}","templated":true}]}}